{"id":1930,"date":"2023-09-07T14:16:37","date_gmt":"2023-09-07T14:16:37","guid":{"rendered":"https:\/\/maisonarthur.be\/erklaerung-zum-datenschutz\/cookie-anweisung\/"},"modified":"2023-11-06T09:22:33","modified_gmt":"2023-11-06T09:22:33","slug":"cookie-anweisung","status":"publish","type":"page","link":"https:\/\/maisonarthur.be\/de\/erklaerung-zum-datenschutz\/cookie-anweisung\/","title":{"rendered":"Cookie-Anweisung"},"content":{"rendered":"<div class=\"fusion-fullwidth fullwidth-box fusion-builder-row-1 fusion-flex-container nonhundred-percent-fullwidth non-hundred-percent-height-scrolling\" style=\"--awb-border-radius-top-left:0px;--awb-border-radius-top-right:0px;--awb-border-radius-bottom-right:0px;--awb-border-radius-bottom-left:0px;--awb-padding-top:0px;--awb-margin-top:0px;--awb-flex-wrap:wrap;\" ><div class=\"fusion-builder-row fusion-row fusion-flex-align-items-flex-start fusion-flex-content-wrap\" style=\"max-width:1123.2px;margin-left: calc(-4% \/ 2 );margin-right: calc(-4% \/ 2 );\"><div class=\"fusion-layout-column fusion_builder_column fusion-builder-column-0 fusion_builder_column_1_1 1_1 fusion-flex-column\" style=\"--awb-padding-top:1px;--awb-bg-size:cover;--awb-width-large:100%;--awb-margin-top-large:0px;--awb-spacing-right-large:1.92%;--awb-margin-bottom-large:20px;--awb-spacing-left-large:1.92%;--awb-width-medium:100%;--awb-spacing-right-medium:1.92%;--awb-spacing-left-medium:1.92%;--awb-width-small:100%;--awb-spacing-right-small:1.92%;--awb-spacing-left-small:1.92%;\"><div class=\"fusion-column-wrapper fusion-column-has-shadow fusion-flex-justify-content-flex-start fusion-content-layout-column\"><div class=\"fusion-text fusion-text-1\"><p>WAS SIND COOKIES?<\/p>\n<p>Cookies sind kleine Textdateien, die auf Ihrem Computer gespeichert werden k\u00f6nnen, wenn Sie Websites besuchen. In dieser Textdatei werden Informationen gespeichert, z. B. die von Ihnen bevorzugte Sprache f\u00fcr eine Website. Wenn Sie die Website sp\u00e4ter erneut besuchen, wird dieses Cookie erneut an die Website gesendet. Auf diese Weise erkennt die Website Ihren Browser und kann sich z. B. Ihre Spracheinstellung merken.<\/p>\n<p>Es gibt 3 Arten von Cookies:<\/p>\n<p>Funktionale Cookies (essentiell): Diese Cookies sind f\u00fcr die Nutzung der Website aus rein technischen Gr\u00fcnden notwendig. Aufgrund ihrer technischen Notwendigkeit besteht nur eine Informationspflicht und die Cookies werden installiert, sobald Sie die Website betreten.<br \/>\nFunktionale Cookies (Optimierung): Sie k\u00f6nnen diese Cookies nicht ablehnen, wenn Sie auf dieser Website surfen wollen, da sonst bestimmte Anwendungen nicht optimal funktionieren.<br \/>\nStatistische Cookies: Diese Cookies sammeln Informationen \u00fcber Ihr Surfverhalten auf unserer Website und erm\u00f6glichen es uns, die Benutzerfreundlichkeit zu verbessern. F\u00fcr diese Cookies ist immer eine Zustimmung erforderlich.<br \/>\nEs wird auch zwischen Erstanbieter- und Drittanbieter-Cookies unterschieden.<\/p>\n<p>Erstanbieter-Cookies sind Cookies, die von der Website selbst installiert und verwaltet werden. Sie sind spezifisch f\u00fcr die besuchte Website.<br \/>\nWebsites k\u00f6nnen Inhalte von Dritten enthalten, z. B. Videos (YouTube), Audioclips (SoundCloud), Nachrichteninhalte oder Social Media Feeds (Facebook, Twitter usw.). Da Ihr Browser eine Verbindung zu den Webservern dieser Drittanbieter herstellt, um diese Inhalte abzurufen, k\u00f6nnen diese Drittanbieter ihre eigenen Cookies auf Ihrem Ger\u00e4t installieren.<br \/>\n\u00dcBERSICHT \u00dcBER DIE COOKIES AUF DER WEBSITE<\/p>\n<\/div>Cookie-Name: _ga (maisonarthur.be)<\/p>\n<p>Typ: Statistische Cookies<\/p>\n<p>Zweck: in Verbindung mit Google Analytics. Dieses Cookie wird verwendet, um die Besucherzahlen auf unserer Website anhand einer eindeutigen, mit Ihrem Browser verbundenen Nummer zu messen.<\/p>\n<p>Aufbewahrungsfrist: 2 Jahre<\/p>\n<p>PHPSESSID Statische Cookies Verbunden mit Huurkalender.nl &#8222;Session&#8220;.<div class=\"fusion-text fusion-text-2\"><p>F\u00fcr Cookies, die von Dritten installiert werden, verweisen wir auf die Erkl\u00e4rungen, die diese Parteien auf ihren jeweiligen Websites \u00fcber sie abgeben. Bitte beachten Sie, dass wir weder auf den Inhalt dieser Erkl\u00e4rungen noch auf den Inhalt der Cookies dieser Drittparteien Einfluss nehmen k\u00f6nnen.<\/p>\n<p>MailPoet (Rundbriefe): https:\/\/www.mailpoet.com\/privacy-notice\/<br \/>\nHuurkalender.nl: https:\/\/www.huurkalender.nl\/privacy.html<br \/>\nLinkedIn: https:\/\/www.linkedin.com\/legal\/cookie-policy<br \/>\nFacebook: https:\/\/nl-nl.facebook.com\/privacy\/policy\/?entry_point=facebook_page_footer<br \/>\nWIE KANN MAN COOKIES DEAKTIVIEREN?<br \/>\nDie meisten Internetbrowser erm\u00f6glichen es Ihnen, Cookies von Ihrer Festplatte zu l\u00f6schen oder Cookies abzulehnen, bevor sie installiert werden. Weitere Informationen hierzu finden Sie in den Einstellungen Ihres Browsers.<\/p>\n<p>Chrome: https:\/\/support.google.com\/accounts\/answer\/61416?hl=nl<br \/>\nEdge: https:\/\/support.microsoft.com\/en-us\/help\/17442\/windows-internet-explorer-delete-manage-cookies<br \/>\nFirefox: https:\/\/support.mozilla.org\/nl\/kb\/cookies-in-en-uitschakelen-websites-voorkeuren<br \/>\nOpera: https:\/\/help.opera.com\/en\/latest\/web-preferences\/#cookies<br \/>\nSafari: <a href=\"https:\/\/support.apple.com\/kb\/PH19214?locale=nl_NL\">https:\/\/support.apple.com\/kb\/PH19214?locale=nl_NL<\/a><\/p>\n<\/div><\/div><\/div><\/div><\/div>\n","protected":false},"excerpt":{"rendered":"","protected":false},"author":1,"featured_media":0,"parent":1925,"menu_order":0,"comment_status":"closed","ping_status":"closed","template":"","meta":{"_acf_changed":false,"footnotes":""},"class_list":["post-1930","page","type-page","status-publish","hentry"],"acf":[],"_links":{"self":[{"href":"https:\/\/maisonarthur.be\/de\/wp-json\/wp\/v2\/pages\/1930","targetHints":{"allow":["GET"]}}],"collection":[{"href":"https:\/\/maisonarthur.be\/de\/wp-json\/wp\/v2\/pages"}],"about":[{"href":"https:\/\/maisonarthur.be\/de\/wp-json\/wp\/v2\/types\/page"}],"author":[{"embeddable":true,"href":"https:\/\/maisonarthur.be\/de\/wp-json\/wp\/v2\/users\/1"}],"replies":[{"embeddable":true,"href":"https:\/\/maisonarthur.be\/de\/wp-json\/wp\/v2\/comments?post=1930"}],"version-history":[{"count":8,"href":"https:\/\/maisonarthur.be\/de\/wp-json\/wp\/v2\/pages\/1930\/revisions"}],"predecessor-version":[{"id":2076,"href":"https:\/\/maisonarthur.be\/de\/wp-json\/wp\/v2\/pages\/1930\/revisions\/2076"}],"up":[{"embeddable":true,"href":"https:\/\/maisonarthur.be\/de\/wp-json\/wp\/v2\/pages\/1925"}],"wp:attachment":[{"href":"https:\/\/maisonarthur.be\/de\/wp-json\/wp\/v2\/media?parent=1930"}],"curies":[{"name":"wp","href":"https:\/\/api.w.org\/{rel}","templated":true}]}}